{"id":17,"date":"2023-10-02T08:01:40","date_gmt":"2023-10-02T05:01:40","guid":{"rendered":"https:\/\/adamandeveworld.org\/es\/?page_id=17"},"modified":"2023-10-02T08:20:09","modified_gmt":"2023-10-02T05:20:09","slug":"sobre-nosotros","status":"publish","type":"page","link":"https:\/\/adamandeveworld.org\/es\/sobre-nosotros\/","title":{"rendered":"Sobre nosotros"},"content":{"rendered":"\t\t<div data-elementor-type=\"wp-page\" data-elementor-id=\"17\" class=\"elementor elementor-17\">\n\t\t\t\t\t\t\t<div class=\"elementor-element elementor-element-928d48e e-flex e-con-boxed e-con e-parent\" data-id=\"928d48e\" data-element_type=\"container\" data-settings=\"{&quot;content_width&quot;:&quot;boxed&quot;}\" data-core-v316-plus=\"true\">\n\t\t\t\t\t<div class=\"e-con-inner\">\n\t\t\t\t<div class=\"elementor-element elementor-element-fde9ba9 elementor-widget elementor-widget-heading\" data-id=\"fde9ba9\" data-element_type=\"widget\" data-widget_type=\"heading.default\">\n\t\t\t\t<div class=\"elementor-widget-container\">\n\t\t\t<style>\/*! elementor - v3.16.0 - 20-09-2023 *\/\n.elementor-heading-title{padding:0;margin:0;line-height:1}.elementor-widget-heading .elementor-heading-title[class*=elementor-size-]>a{color:inherit;font-size:inherit;line-height:inherit}.elementor-widget-heading .elementor-heading-title.elementor-size-small{font-size:15px}.elementor-widget-heading .elementor-heading-title.elementor-size-medium{font-size:19px}.elementor-widget-heading .elementor-heading-title.elementor-size-large{font-size:29px}.elementor-widget-heading .elementor-heading-title.elementor-size-xl{font-size:39px}.elementor-widget-heading .elementor-heading-title.elementor-size-xxl{font-size:59px}<\/style><h1 class=\"elementor-heading-title elementor-size-default\">A proposito di Adamo ed Eva<\/h1>\t\t<\/div>\n\t\t\t\t<\/div>\n\t\t\t\t\t<\/div>\n\t\t\t\t<\/div>\n\t\t<div class=\"elementor-element elementor-element-d28ee1e e-flex e-con-boxed e-con e-parent\" data-id=\"d28ee1e\" data-element_type=\"container\" data-settings=\"{&quot;content_width&quot;:&quot;boxed&quot;}\" data-core-v316-plus=\"true\">\n\t\t\t\t\t<div class=\"e-con-inner\">\n\t\t<div class=\"elementor-element elementor-element-d50b67b e-flex e-con-boxed e-con e-child\" data-id=\"d50b67b\" data-element_type=\"container\" data-settings=\"{&quot;content_width&quot;:&quot;boxed&quot;}\">\n\t\t\t\t\t<div class=\"e-con-inner\">\n\t\t\t\t<div class=\"elementor-element elementor-element-2dd94a5 elementor-widget elementor-widget-image\" data-id=\"2dd94a5\" data-element_type=\"widget\" data-widget_type=\"image.default\">\n\t\t\t\t<div class=\"elementor-widget-container\">\n\t\t\t<style>\/*! elementor - v3.16.0 - 20-09-2023 *\/\n.elementor-widget-image{text-align:center}.elementor-widget-image a{display:inline-block}.elementor-widget-image a img[src$=\".svg\"]{width:48px}.elementor-widget-image img{vertical-align:middle;display:inline-block}<\/style>\t\t\t\t\t\t\t\t\t\t\t\t<img decoding=\"async\" loading=\"lazy\" width=\"640\" height=\"427\" src=\"https:\/\/adamandeveworld.org\/es\/wp-content\/uploads\/sites\/10\/2023\/10\/symbols-of-islam-judaism-and-christianity-eure-france-europe-743702547-5b70802f46e0fb0050d80838-1024x683.jpg\" class=\"attachment-large size-large wp-image-52\" alt=\"\" srcset=\"https:\/\/adamandeveworld.org\/es\/wp-content\/uploads\/sites\/10\/2023\/10\/symbols-of-islam-judaism-and-christianity-eure-france-europe-743702547-5b70802f46e0fb0050d80838-1024x683.jpg 1024w, https:\/\/adamandeveworld.org\/es\/wp-content\/uploads\/sites\/10\/2023\/10\/symbols-of-islam-judaism-and-christianity-eure-france-europe-743702547-5b70802f46e0fb0050d80838-300x200.jpg 300w, https:\/\/adamandeveworld.org\/es\/wp-content\/uploads\/sites\/10\/2023\/10\/symbols-of-islam-judaism-and-christianity-eure-france-europe-743702547-5b70802f46e0fb0050d80838-768x512.jpg 768w, https:\/\/adamandeveworld.org\/es\/wp-content\/uploads\/sites\/10\/2023\/10\/symbols-of-islam-judaism-and-christianity-eure-france-europe-743702547-5b70802f46e0fb0050d80838.jpg 1500w\" sizes=\"(max-width: 640px) 100vw, 640px\" \/>\t\t\t\t\t\t\t\t\t\t\t\t\t\t\t<\/div>\n\t\t\t\t<\/div>\n\t\t\t\t\t<\/div>\n\t\t\t\t<\/div>\n\t\t<div class=\"elementor-element elementor-element-7bfef30 e-flex e-con-boxed e-con e-child\" data-id=\"7bfef30\" data-element_type=\"container\" data-settings=\"{&quot;content_width&quot;:&quot;boxed&quot;}\">\n\t\t\t\t\t<div class=\"e-con-inner\">\n\t\t\t\t<div class=\"elementor-element elementor-element-0d92f6b elementor-widget elementor-widget-text-editor\" data-id=\"0d92f6b\" data-element_type=\"widget\" data-widget_type=\"text-editor.default\">\n\t\t\t\t<div class=\"elementor-widget-container\">\n\t\t\t<style>\/*! elementor - v3.16.0 - 20-09-2023 *\/\n.elementor-widget-text-editor.elementor-drop-cap-view-stacked .elementor-drop-cap{background-color:#69727d;color:#fff}.elementor-widget-text-editor.elementor-drop-cap-view-framed .elementor-drop-cap{color:#69727d;border:3px solid;background-color:transparent}.elementor-widget-text-editor:not(.elementor-drop-cap-view-default) .elementor-drop-cap{margin-top:8px}.elementor-widget-text-editor:not(.elementor-drop-cap-view-default) .elementor-drop-cap-letter{width:1em;height:1em}.elementor-widget-text-editor .elementor-drop-cap{float:left;text-align:center;line-height:1;font-size:50px}.elementor-widget-text-editor .elementor-drop-cap-letter{display:inline-block}<\/style>\t\t\t\t<p>La storia dell&#8217;umanit\u00e0 \u00e8 descritta nei libri sacri che costituiscono la base delle tre religioni celesti, la Torah, la Bibbia e il Sacro Corano, come discendenti dai discendenti di Adamo ed Eva. In ordine di arrivo; Queste tre grandi religioni, Ebraismo, Cristianesimo e Islam, accettano che l\u2019umanit\u00e0 discenda da Adamo ed Eva. Questa prospettiva \u00e8 generalmente accettata dal passato al presente e ci fornisce un quadro importante sui primi periodi e sulla continuit\u00e0 della storia umana. L&#8217;umanit\u00e0, discendente dai discendenti di Adamo ed Eva, si estende su un&#8217;ampia geografia nel mondo. Questa diffusione demografica ha aperto la strada all\u2019emergere di numerose lingue, culture e razze. Oggi nel mondo esistono circa 5000 gruppi etnici e circa 200 stati indipendenti.<\/p>\t\t\t\t\t\t<\/div>\n\t\t\t\t<\/div>\n\t\t\t\t\t<\/div>\n\t\t\t\t<\/div>\n\t\t\t\t\t<\/div>\n\t\t\t\t<\/div>\n\t\t<div class=\"elementor-element elementor-element-dacf746 e-flex e-con-boxed e-con e-parent\" data-id=\"dacf746\" data-element_type=\"container\" data-settings=\"{&quot;content_width&quot;:&quot;boxed&quot;}\" data-core-v316-plus=\"true\">\n\t\t\t\t\t<div class=\"e-con-inner\">\n\t\t\t\t<div class=\"elementor-element elementor-element-6b3db2a elementor-widget elementor-widget-text-editor\" data-id=\"6b3db2a\" data-element_type=\"widget\" data-widget_type=\"text-editor.default\">\n\t\t\t\t<div class=\"elementor-widget-container\">\n\t\t\t\t\t\t\t<p>Nei tempi antichi, con l\u2019aumento della popolazione di persone che vivevano in piccole comunit\u00e0, i conflitti e i problemi sociali diventavano inevitabili nel tempo. Questa situazione ha avviato migrazioni su larga scala per la scoperta e l&#8217;insediamento di nuove regioni. Tuttavia, nel tempo, lo sviluppo del trasporto marittimo ha permesso loro di raggiungere nuovi continenti come il Nord America, il Sud America e l&#8217;Australia. Questo processo \u00e8 di grande importanza per l\u2019espansione dell\u2019umanit\u00e0 e l\u2019interazione di diverse culture.<\/p><p>Sappiamo che la storia geologica della nostra Terra ha un periodo di 4,55 miliardi di anni. La storia umana ha circa duecentomila anni. Guardando agli ultimi due secoli di questo processo storico, l\u2019umanit\u00e0 ha incontrato la rivoluzione industriale nel XVIII secolo ed \u00e8 stata introdotta alle invenzioni industriali e tecnologiche come il telegrafo, il telefono, la radio, il cinema, la macchina fotografica, la nave a vapore, il treno e l\u2019automobile. Ci\u00f2 ha notevolmente ampliato la capacit\u00e0 delle comunit\u00e0 umane di comunicare e interagire su scala globale. La rivoluzione industriale non solo ha portato progressi tecnologici che hanno reso la nostra vita pi\u00f9 semplice, ma ha anche trasformato le dinamiche sociali ed economiche. Mentre la maggior parte della popolazione mondiale viveva in aree rurali e villaggi fino alla fine del XVIII secolo, con l\u2019industrializzazione le citt\u00e0 divennero un importante centro abitato.<\/p><p>Questo cambiamento demografico ha influenzato radicalmente non solo gli spazi fisici delle persone ma anche la loro vita sociale e culturale. Le persone separate dai loro ambienti abituali e dalle reti sociali hanno dovuto adattarsi al nuovo ordine portato dalla vita urbana. Nel corso della storia, questi cambiamenti rivoluzionari hanno presentato sia grandi opportunit\u00e0 che sfide significative per l\u2019umanit\u00e0. Se da un lato i progressi tecnologici hanno reso la vita umana pi\u00f9 semplice, dall\u2019altro hanno anche trasformato le strutture sociali ed economiche e portato con s\u00e9 nuovi e seri problemi sociali.<\/p><p>Le tendenze conflittuali e bellicose che segnano la storia umana sono antiche quanto l\u2019umanit\u00e0 stessa. Queste tendenze, che nel passato hanno costantemente portato a guerre e distruzioni, hanno influenzato profondamente la storia umana. Sebbene l\u2019umanit\u00e0 miri a utilizzare il progresso tecnologico e sociale per semplificare la propria vita, sfortunatamente ha trasformato lo stesso progresso in uno strumento che alimenter\u00e0 ulteriormente i propri conflitti e contraddizioni interni. Di conseguenza, ci fu una distruzione che cost\u00f2 la vita a milioni di persone.<\/p>\t\t\t\t\t\t<\/div>\n\t\t\t\t<\/div>\n\t\t\t\t\t<\/div>\n\t\t\t\t<\/div>\n\t\t<div class=\"elementor-element elementor-element-6fa7671 e-flex e-con-boxed e-con e-parent\" data-id=\"6fa7671\" data-element_type=\"container\" data-settings=\"{&quot;content_width&quot;:&quot;boxed&quot;}\" data-core-v316-plus=\"true\">\n\t\t\t\t\t<div class=\"e-con-inner\">\n\t\t\t\t<div class=\"elementor-element elementor-element-9040fae elementor-widget elementor-widget-image\" data-id=\"9040fae\" data-element_type=\"widget\" data-widget_type=\"image.default\">\n\t\t\t\t<div class=\"elementor-widget-container\">\n\t\t\t\t\t\t\t\t\t\t\t\t\t\t\t<img decoding=\"async\" loading=\"lazy\" width=\"2560\" height=\"1174\" src=\"https:\/\/adamandeveworld.org\/es\/wp-content\/uploads\/sites\/10\/2023\/10\/Parents_joy-1-scaled-1.jpg\" class=\"attachment-full size-full wp-image-53\" alt=\"\" srcset=\"https:\/\/adamandeveworld.org\/es\/wp-content\/uploads\/sites\/10\/2023\/10\/Parents_joy-1-scaled-1.jpg 2560w, https:\/\/adamandeveworld.org\/es\/wp-content\/uploads\/sites\/10\/2023\/10\/Parents_joy-1-scaled-1-300x138.jpg 300w, https:\/\/adamandeveworld.org\/es\/wp-content\/uploads\/sites\/10\/2023\/10\/Parents_joy-1-scaled-1-1024x470.jpg 1024w, https:\/\/adamandeveworld.org\/es\/wp-content\/uploads\/sites\/10\/2023\/10\/Parents_joy-1-scaled-1-768x352.jpg 768w, https:\/\/adamandeveworld.org\/es\/wp-content\/uploads\/sites\/10\/2023\/10\/Parents_joy-1-scaled-1-1536x704.jpg 1536w, https:\/\/adamandeveworld.org\/es\/wp-content\/uploads\/sites\/10\/2023\/10\/Parents_joy-1-scaled-1-2048x939.jpg 2048w\" sizes=\"(max-width: 2560px) 100vw, 2560px\" \/>\t\t\t\t\t\t\t\t\t\t\t\t\t\t\t<\/div>\n\t\t\t\t<\/div>\n\t\t\t\t\t<\/div>\n\t\t\t\t<\/div>\n\t\t<div class=\"elementor-element elementor-element-ff49902 e-flex e-con-boxed e-con e-parent\" data-id=\"ff49902\" data-element_type=\"container\" data-settings=\"{&quot;content_width&quot;:&quot;boxed&quot;}\" data-core-v316-plus=\"true\">\n\t\t\t\t\t<div class=\"e-con-inner\">\n\t\t\t\t<div class=\"elementor-element elementor-element-845fba0 elementor-widget elementor-widget-text-editor\" data-id=\"845fba0\" data-element_type=\"widget\" data-widget_type=\"text-editor.default\">\n\t\t\t\t<div class=\"elementor-widget-container\">\n\t\t\t\t\t\t\t<p>L&#8217;umanit\u00e0, discendente da Adamo ed Eva, ha vissuto diverse trasformazioni sociali nel corso della storia sperimentando diversi modi di pensare e di vivere. Alcuni problemi morali derivanti da questi stili di vita hanno posto grandi sfide all\u2019umanit\u00e0. La base dei problemi risiede nel nostro allontanamento dai nostri valori morali di fronte al rapido avanzamento degli sviluppi tecnologici e al cambiamento dell\u2019ordine mondiale. Sebbene l\u2019umanit\u00e0 sia riuscita a tenere il passo con i progressi scientifici, industriali e tecnologici, non \u00e8 riuscita a rivedere e valutare le dimensioni morali di questi sviluppi. Alcuni di questi problemi; Problemi causati da orientamenti sessuali, sfruttamento sessuale, prostituzione, uso diffuso di droga, disuguaglianza di reddito e povert\u00e0, distruzione causata da guerre, violazioni dei diritti umani, inquinamento ambientale e possibili pericoli del transumanesimo.<\/p><p>Purtroppo, date le condizioni attuali, non sarebbe difficile prevedere che i problemi morali si approfondiranno ulteriormente in futuro. Ci\u00f2 amplier\u00e0 ulteriormente la serie di problemi morali che l\u2019umanit\u00e0 gi\u00e0 deve affrontare. Pertanto, determinare una strategia in grado di trovare soluzioni a questi problemi dovrebbe essere lo sforzo pi\u00f9 grande dell\u2019umanit\u00e0. Creando e attuando questa strategia, dobbiamo essere cauti nei confronti dei problemi morali ed etici che potremmo incontrare in futuro. Dobbiamo rivedere e rafforzare i nostri valori morali ed etici, preparandoci cos\u00ec a potenziali problemi morali futuri. Come societ\u00e0, dobbiamo sforzarci di rafforzare i nostri valori e norme sociali al fine di prevenire difficolt\u00e0 morali ed etiche. Determinare politiche e strategie per risolvere questi problemi consente agli individui e alle societ\u00e0 di utilizzare le proprie responsabilit\u00e0 e il proprio potenziale al massimo livello. Questo \u00e8 un passo fondamentale per aumentare la nostra capacit\u00e0 di affrontare le future sfide morali ed etiche.<\/p><p>Come figli di Adamo ed Eva, dobbiamo affrontare i problemi morali ed etici posti dai rapidi sviluppi odierni e trovare soluzioni efficaci a questi problemi. Altrimenti, la vita umana potrebbe trovarsi di fronte a grandi pericoli e potremmo soffrire pi\u00f9 dei benefici portati da questi sviluppi. Se affrontiamo consapevolmente questi problemi, tenendo conto dei nostri valori etici, avremo la possibilit\u00e0 di risolvere con successo i problemi morali ed etici che potremmo incontrare in futuro e quindi aumentare il benessere e la felicit\u00e0 dell\u2019umanit\u00e0.<\/p><p>Seguendo le orme di Adamo ed Eva, sperimentiamo il peso e il privilegio di sentire sulle nostre spalle il dovere di costruire un mondo pi\u00f9 giusto, pacifico e sostenibile. Consapevoli di questa grande responsabilit\u00e0, stiamo lavorando con tutte le nostre forze per andare verso il futuro. Stiamo spendendo tutte le nostre energie per realizzare questa nobile missione. A nome dell&#8217;umanit\u00e0, a nome tuo e delle generazioni future, ci aspettiamo sinceramente che tu ci supporti nella conservazione e nel miglioramento di questo mondo ereditato da Adamo ed Eva.<\/p><p>Ricordiamo con rispetto nostro padre Adamo e nostra madre Eva, comuni antenati dell&#8217;umanit\u00e0.<\/p><p>Gestione dell&#8217;Associazione Adamo ed Eva<\/p>\t\t\t\t\t\t<\/div>\n\t\t\t\t<\/div>\n\t\t\t\t\t<\/div>\n\t\t\t\t<\/div>\n\t\t\t\t\t\t\t<\/div>\n\t\t","protected":false},"excerpt":{"rendered":"<p>A proposito di Adamo ed Eva La storia dell&#8217;umanit\u00e0 \u00e8 descritta nei libri sacri che costituiscono la base delle tre religioni celesti, la Torah, la Bibbia e il Sacro Corano, come discendenti dai discendenti di Adamo ed Eva. In ordine di arrivo; Queste tre grandi religioni, Ebraismo, Cristianesimo e Islam, accettano che l\u2019umanit\u00e0 discenda da[&#8230;]<\/p>\n","protected":false},"author":1,"featured_media":0,"parent":0,"menu_order":0,"comment_status":"closed","ping_status":"closed","template":"elementor_header_footer","meta":{"footnotes":""},"yoast_head":"<!-- This site is optimized with the Yoast SEO plugin v21.3 - https:\/\/yoast.com\/wordpress\/plugins\/seo\/ -->\n<title>Sobre nosotros - El mundo de Ad\u00e1n y Eva<\/title>\n<meta name=\"robots\" content=\"index, follow, max-snippet:-1, max-image-preview:large, max-video-preview:-1\" \/>\n<link rel=\"canonical\" href=\"https:\/\/adamandeveworld.org\/es\/sobre-nosotros\/\" \/>\n<meta property=\"og:locale\" content=\"es_ES\" \/>\n<meta property=\"og:type\" content=\"article\" \/>\n<meta property=\"og:title\" content=\"Sobre nosotros - El mundo de Ad\u00e1n y Eva\" \/>\n<meta property=\"og:description\" content=\"A proposito di Adamo ed Eva La storia dell&#8217;umanit\u00e0 \u00e8 descritta nei libri sacri che costituiscono la base delle tre religioni celesti, la Torah, la Bibbia e il Sacro Corano, come discendenti dai discendenti di Adamo ed Eva. In ordine di arrivo; Queste tre grandi religioni, Ebraismo, Cristianesimo e Islam, accettano che l\u2019umanit\u00e0 discenda da[...]\" \/>\n<meta property=\"og:url\" content=\"https:\/\/adamandeveworld.org\/es\/sobre-nosotros\/\" \/>\n<meta property=\"og:site_name\" content=\"El mundo de Ad\u00e1n y Eva\" \/>\n<meta property=\"article:modified_time\" content=\"2023-10-02T05:20:09+00:00\" \/>\n<meta property=\"og:image\" content=\"https:\/\/adamandeveworld.org\/es\/wp-content\/uploads\/sites\/10\/2023\/10\/symbols-of-islam-judaism-and-christianity-eure-france-europe-743702547-5b70802f46e0fb0050d80838-1024x683.jpg\" \/>\n<meta name=\"twitter:card\" content=\"summary_large_image\" \/>\n<meta name=\"twitter:label1\" content=\"Tiempo de lectura\" \/>\n\t<meta name=\"twitter:data1\" content=\"5 minutos\" \/>\n<script type=\"application\/ld+json\" class=\"yoast-schema-graph\">{\"@context\":\"https:\/\/schema.org\",\"@graph\":[{\"@type\":\"WebPage\",\"@id\":\"https:\/\/adamandeveworld.org\/es\/sobre-nosotros\/\",\"url\":\"https:\/\/adamandeveworld.org\/es\/sobre-nosotros\/\",\"name\":\"Sobre nosotros - El mundo de Ad\u00e1n y Eva\",\"isPartOf\":{\"@id\":\"https:\/\/adamandeveworld.org\/es\/#website\"},\"datePublished\":\"2023-10-02T05:01:40+00:00\",\"dateModified\":\"2023-10-02T05:20:09+00:00\",\"breadcrumb\":{\"@id\":\"https:\/\/adamandeveworld.org\/es\/sobre-nosotros\/#breadcrumb\"},\"inLanguage\":\"es\",\"potentialAction\":[{\"@type\":\"ReadAction\",\"target\":[\"https:\/\/adamandeveworld.org\/es\/sobre-nosotros\/\"]}]},{\"@type\":\"BreadcrumbList\",\"@id\":\"https:\/\/adamandeveworld.org\/es\/sobre-nosotros\/#breadcrumb\",\"itemListElement\":[{\"@type\":\"ListItem\",\"position\":1,\"name\":\"Anasayfa\",\"item\":\"https:\/\/adamandeveworld.org\/es\/\"},{\"@type\":\"ListItem\",\"position\":2,\"name\":\"Sobre nosotros\"}]},{\"@type\":\"WebSite\",\"@id\":\"https:\/\/adamandeveworld.org\/es\/#website\",\"url\":\"https:\/\/adamandeveworld.org\/es\/\",\"name\":\"El mundo de Ad\u00e1n y Eva\",\"description\":\"\",\"publisher\":{\"@id\":\"https:\/\/adamandeveworld.org\/es\/#organization\"},\"potentialAction\":[{\"@type\":\"SearchAction\",\"target\":{\"@type\":\"EntryPoint\",\"urlTemplate\":\"https:\/\/adamandeveworld.org\/es\/?s={search_term_string}\"},\"query-input\":\"required name=search_term_string\"}],\"inLanguage\":\"es\"},{\"@type\":\"Organization\",\"@id\":\"https:\/\/adamandeveworld.org\/es\/#organization\",\"name\":\"El mundo de Ad\u00e1n y Eva\",\"url\":\"https:\/\/adamandeveworld.org\/es\/\",\"logo\":{\"@type\":\"ImageObject\",\"inLanguage\":\"es\",\"@id\":\"https:\/\/adamandeveworld.org\/es\/#\/schema\/logo\/image\/\",\"url\":\"https:\/\/adamandeveworld.org\/es\/wp-content\/uploads\/sites\/10\/2026\/03\/cropped-new_logo_optimized.png\",\"contentUrl\":\"https:\/\/adamandeveworld.org\/es\/wp-content\/uploads\/sites\/10\/2026\/03\/cropped-new_logo_optimized.png\",\"width\":618,\"height\":730,\"caption\":\"El mundo de Ad\u00e1n y Eva\"},\"image\":{\"@id\":\"https:\/\/adamandeveworld.org\/es\/#\/schema\/logo\/image\/\"}}]}<\/script>\n<!-- \/ Yoast SEO plugin. -->","yoast_head_json":{"title":"Sobre nosotros - El mundo de Ad\u00e1n y Eva","robots":{"index":"index","follow":"follow","max-snippet":"max-snippet:-1","max-image-preview":"max-image-preview:large","max-video-preview":"max-video-preview:-1"},"canonical":"https:\/\/adamandeveworld.org\/es\/sobre-nosotros\/","og_locale":"es_ES","og_type":"article","og_title":"Sobre nosotros - El mundo de Ad\u00e1n y Eva","og_description":"A proposito di Adamo ed Eva La storia dell&#8217;umanit\u00e0 \u00e8 descritta nei libri sacri che costituiscono la base delle tre religioni celesti, la Torah, la Bibbia e il Sacro Corano, come discendenti dai discendenti di Adamo ed Eva. In ordine di arrivo; Queste tre grandi religioni, Ebraismo, Cristianesimo e Islam, accettano che l\u2019umanit\u00e0 discenda da[...]","og_url":"https:\/\/adamandeveworld.org\/es\/sobre-nosotros\/","og_site_name":"El mundo de Ad\u00e1n y Eva","article_modified_time":"2023-10-02T05:20:09+00:00","og_image":[{"url":"https:\/\/adamandeveworld.org\/es\/wp-content\/uploads\/sites\/10\/2023\/10\/symbols-of-islam-judaism-and-christianity-eure-france-europe-743702547-5b70802f46e0fb0050d80838-1024x683.jpg"}],"twitter_card":"summary_large_image","twitter_misc":{"Tiempo de lectura":"5 minutos"},"schema":{"@context":"https:\/\/schema.org","@graph":[{"@type":"WebPage","@id":"https:\/\/adamandeveworld.org\/es\/sobre-nosotros\/","url":"https:\/\/adamandeveworld.org\/es\/sobre-nosotros\/","name":"Sobre nosotros - El mundo de Ad\u00e1n y Eva","isPartOf":{"@id":"https:\/\/adamandeveworld.org\/es\/#website"},"datePublished":"2023-10-02T05:01:40+00:00","dateModified":"2023-10-02T05:20:09+00:00","breadcrumb":{"@id":"https:\/\/adamandeveworld.org\/es\/sobre-nosotros\/#breadcrumb"},"inLanguage":"es","potentialAction":[{"@type":"ReadAction","target":["https:\/\/adamandeveworld.org\/es\/sobre-nosotros\/"]}]},{"@type":"BreadcrumbList","@id":"https:\/\/adamandeveworld.org\/es\/sobre-nosotros\/#breadcrumb","itemListElement":[{"@type":"ListItem","position":1,"name":"Anasayfa","item":"https:\/\/adamandeveworld.org\/es\/"},{"@type":"ListItem","position":2,"name":"Sobre nosotros"}]},{"@type":"WebSite","@id":"https:\/\/adamandeveworld.org\/es\/#website","url":"https:\/\/adamandeveworld.org\/es\/","name":"El mundo de Ad\u00e1n y Eva","description":"","publisher":{"@id":"https:\/\/adamandeveworld.org\/es\/#organization"},"potentialAction":[{"@type":"SearchAction","target":{"@type":"EntryPoint","urlTemplate":"https:\/\/adamandeveworld.org\/es\/?s={search_term_string}"},"query-input":"required name=search_term_string"}],"inLanguage":"es"},{"@type":"Organization","@id":"https:\/\/adamandeveworld.org\/es\/#organization","name":"El mundo de Ad\u00e1n y Eva","url":"https:\/\/adamandeveworld.org\/es\/","logo":{"@type":"ImageObject","inLanguage":"es","@id":"https:\/\/adamandeveworld.org\/es\/#\/schema\/logo\/image\/","url":"https:\/\/adamandeveworld.org\/es\/wp-content\/uploads\/sites\/10\/2026\/03\/cropped-new_logo_optimized.png","contentUrl":"https:\/\/adamandeveworld.org\/es\/wp-content\/uploads\/sites\/10\/2026\/03\/cropped-new_logo_optimized.png","width":618,"height":730,"caption":"El mundo de Ad\u00e1n y Eva"},"image":{"@id":"https:\/\/adamandeveworld.org\/es\/#\/schema\/logo\/image\/"}}]}},"_links":{"self":[{"href":"https:\/\/adamandeveworld.org\/es\/wp-json\/wp\/v2\/pages\/17"}],"collection":[{"href":"https:\/\/adamandeveworld.org\/es\/wp-json\/wp\/v2\/pages"}],"about":[{"href":"https:\/\/adamandeveworld.org\/es\/wp-json\/wp\/v2\/types\/page"}],"author":[{"embeddable":true,"href":"https:\/\/adamandeveworld.org\/es\/wp-json\/wp\/v2\/users\/1"}],"replies":[{"embeddable":true,"href":"https:\/\/adamandeveworld.org\/es\/wp-json\/wp\/v2\/comments?post=17"}],"version-history":[{"count":4,"href":"https:\/\/adamandeveworld.org\/es\/wp-json\/wp\/v2\/pages\/17\/revisions"}],"predecessor-version":[{"id":56,"href":"https:\/\/adamandeveworld.org\/es\/wp-json\/wp\/v2\/pages\/17\/revisions\/56"}],"wp:attachment":[{"href":"https:\/\/adamandeveworld.org\/es\/wp-json\/wp\/v2\/media?parent=17"}],"curies":[{"name":"wp","href":"https:\/\/api.w.org\/{rel}","templated":true}]}}